{"id":1387,"date":"2022-10-27T21:51:11","date_gmt":"2022-10-27T19:51:11","guid":{"rendered":"https:\/\/interkiezionale.noblogs.org\/?page_id=1387"},"modified":"2022-10-27T22:00:07","modified_gmt":"2022-10-27T20:00:07","slug":"projekte","status":"publish","type":"page","link":"https:\/\/interkiezionale.noblogs.org\/en-GB\/projekte\/","title":{"rendered":"Attack the city of the rich \u2013 defend the projects"},"content":{"rendered":"<p><a href=\"https:\/\/eninterkiezionale.noblogs.org\/demo-01-08\/\">This way for information on anti-repression<\/a><br \/>\n<a href=\"https:\/\/eninterkiezionale.noblogs.org\/tag-x\/\">This way for information about Day X<\/a><br \/>\n<a href=\"https:\/\/eninterkiezionale.noblogs.org\/info\/\"><br \/>\n<\/a><span class=\"author-a-cz76zz87zz76zvsdpz83zz80zz89zz77zbwpy\">The gentrification in Berlin continues incessantly, and with it displacement. Not only people but also spaces are affected: Spaces of the radical movement, open spaces, safer spaces for people affected by discrimination, non-commercial <\/span><span class=\"author-a-30z82zz69zz89zz80zfz75zz86zz72zvz72zz77zaz80zz84z\">sp<\/span><span class=\"author-a-cz76zz87zz76zvsdpz83zz80zz89zz77zbwpy\">aces, <\/span><span class=\"author-a-30z82zz69zz89zz80zfz75zz86zz72zvz72zz77zaz80zz84z\">spa<\/span><span class=\"author-a-cz76zz87zz76zvsdpz83zz80zz89zz77zbwpy\">ces of subculture, of political networking and <\/span><span class=\"author-a-30z82zz69zz89zz80zfz75zz86zz72zvz72zz77zaz80zz84z\">sp<\/span><span class=\"author-a-cz76zz87zz76zvsdpz83zz80zz89zz77zbwpy\">aces where people try to live concrete utopias.<\/span><\/p>\n<p class=\"ace-line\"><span class=\"author-a-z76zz82ztnubz69zemsfy2k3b b\"><b>One struggle \u2013 one fight<br \/>\n<\/b><\/span><span class=\"author-a-cz76zz87zz76zvsdpz83zz80zz89zz77zbwpy\">In recent years, spaces such as the Liebig14 house project, the youth centre<\/span><span class=\"author-a-30z82zz69zz89zz80zfz75zz86zz72zvz72zz77zaz80zz84z\"> Drugstore <\/span><span class=\"author-a-cz76zz87zz76zvsdpz83zz80zz89zz77zbwpy\">, the <\/span><span class=\"author-a-30z82zz69zz89zz80zfz75zz86zz72zvz72zz77zaz80zz84z\">community space Friedel54<\/span><span class=\"author-a-cz76zz87zz76zvsdpz83zz80zz89zz77zbwpy\">, the wagon places DieselA<\/span><span class=\"author-a-30z82zz69zz89zz80zfz75zz86zz72zvz72zz77zaz80zz84z\"> &amp; <\/span><span class=\"author-a-cz76zz87zz76zvsdpz83zz80zz89zz77zbwpy\">Sabot Garden, the O<\/span><span class=\"author-a-30z82zz69zz89zz80zfz75zz86zz72zvz72zz77zaz80zz84z\">-Platz<\/span> <span class=\"author-a-30z82zz69zz89zz80zfz75zz86zz72zvz72zz77zaz80zz84z\">occupation<\/span><span class=\"author-a-cz76zz87zz76zvsdpz83zz80zz89zz77zbwpy\"> and the<\/span><span class=\"author-a-30z82zz69zz89zz80zfz75zz86zz72zvz72zz77zaz80zz84z\"> occupied<\/span><span class=\"author-a-cz76zz87zz76zvsdpz83zz80zz89zz77zbwpy\"> school in Ohlauer Stra\u00dfe have already disappeared.<\/span><\/p>\n<p id=\"magicdomid87\" class=\"ace-line\"><span class=\"author-a-cz76zz87zz76zvsdpz83zz80zz89zz77zbwpy\">But it does not stop there. Many other spaces are currently under threat. The youth <\/span><span class=\"author-a-30z82zz69zz89zz80zfz75zz86zz72zvz72zz77zaz80zz84z\">centre Potse<\/span><span class=\"author-a-cz76zz87zz76zvsdpz83zz80zz89zz77zbwpy\">, the house project Liebig34 and the <\/span><span class=\"author-a-30z82zz69zz89zz80zfz75zz86zz72zvz72zz77zaz80zz84z\">bar<\/span><span class=\"author-a-cz76zz87zz76zvsdpz83zz80zz89zz77zbwpy\"> collective Syndikat &amp; Meuterei expect an eviction before the end of the year. Other spaces such as the house project Rigaer94, the <\/span><span class=\"author-a-30z82zz69zz89zz80zfz75zz86zz72zvz72zz77zaz80zz84z\">house <\/span><span class=\"author-a-cz76zz87zz76zvsdpz83zz80zz89zz77zbwpy\">project K\u00f6pi137,<\/span> <span class=\"author-a-cz76zz87zz76zvsdpz83zz80zz89zz77zbwpy\">the community <\/span><span class=\"author-a-30z82zz69zz89zz80zfz75zz86zz72zvz72zz77zaz80zz84z\">house <\/span><span class=\"author-a-cz76zz87zz76zvsdpz83zz80zz89zz77zbwpy\">Lause10\/11 or the community garden Prachttomate face a similar threat in the near future.<\/span><\/p>\n<p id=\"magicdomid199\" class=\"ace-line\"><span class=\"b\"><b>No space \u2013 no movement<br \/>\n<\/b><\/span><span class=\"\">All of these are spaces that live and fight for a different Berlin: a Berlin in which we know our neighbours, in which we create our houses and our neighbourhood together and jointly determine how public space is used. A Berlin where there is room for self-chosen living concepts. A Berlin in which we can try out alternatives to the exploitative and oppressive relations of wage labour, care work, educational system and on the basis of rent and ownership. <\/span><\/p>\n<p id=\"magicdomid92\" class=\"ace-line\"><span class=\"\">How do we want to fight for such a city when these spaces are evicted? Where do we meet for assemblies? Where do we paint banners? Where can we make events to educate ourselves? Where can we hold non-commercial and sub-cultural events, concerts, reading groups, workshops, trainings or have people\u2019s kitchen? <\/span><span class=\"author-a-16z83zz70zz71zlz73zz73zz90zz67zz77zz82zlz90znz87z\">Where do feel safer from patriarchal and racist violence? <\/span><span class=\"\">Where can we meet away from authoritarian control \u2013 for example by parents, teachers, professors, the police, superiors or security personnel \u2013 or without consuming anything? <\/span><\/p>\n<p id=\"magicdomid93\" class=\"ace-line\"><span class=\"author-a-30z82zz69zz89zz80zfz75zz86zz72zvz72zz77zaz80zz84z\">In our struggle for a liveable city, the struggle for these projects is an essential part. <\/span><span class=\"author-a-cz76zz87zz76zvsdpz83zz80zz89zz77zbwpy\">We fight for the preservation of: <\/span><\/p>\n<p id=\"magicdomid95\" class=\"ace-line\"><span class=\"author-a-cz76zz87zz76zvsdpz83zz80zz89zz77zbwpy b\"><a href=\"http:\/\/liebig34.blogsport.de\/\">Liebig34:<\/a> <\/span><span class=\"author-a-30z82zz69zz89zz80zfz75zz86zz72zvz72zz77zaz80zz84z\">The Liebig34 was a self-organised anarcha-queer-feminist house project, directly located at the \u201cDorfplatz\u201d in<\/span> <span class=\"author-a-30z82zz69zz89zz80zfz75zz86zz72zvz72zz77zaz80zz84z\">Berlin-Friedrichshain. The house was used by different collectives; the info shop \u201cDaneben\u201d, the L34-bar and the living collective which is organised without cis-men. People from around the world, with different backgrounds and (a-) gender identities.<br \/>\n<\/span><span class=\"author-a-30z82zz69zz89zz80zfz75zz86zz72zvz72zz77zaz80zz84z\">Spaces where we can try out collective living, alter gender and identity, where we can develop, extend and exert anti-patriarchal structures, spaces where we reflect power structures and privileges and where we can empower each other are urgently needed.<br \/>\n<\/span><span class=\"author-a-z76zz82ztnubz69zemsfy2k3b\">Our contract ran out in 12\/2018 and the landlord G. Padovicz refused to extend it, but we stayed. On 3rd June 2020 the court decided in favour of our landlord and an eviction was announced for and pushed through despite loud protest on 9. October 2020. Liebig 34 is evicted.<\/span><\/p>\n<p id=\"magicdomid99\" class=\"ace-line\"><a href=\"http:\/\/www.meuterei.tk\/\">Meuterei:<\/a> <span class=\"author-a-z76zez81zz73zvi6z90zwz67zz65z78z72zz83zp\">Is a collectively organized neighbo<\/span><span class=\"author-a-16z83zz70zz71zlz73zz73zz90zz67zz77zz82zlz90znz87z\">u<\/span><span class=\"author-a-z76zez81zz73zvi6z90zwz67zz65z78z72zz83zp\">rhood pub in <\/span><span class=\"author-a-16z83zz70zz71zlz73zz73zz90zz67zz77zz82zlz90znz87z\">Berlin-<\/span><span class=\"author-a-z76zez81zz73zvi6z90zwz67zz65z78z72zz83zp\">Kreuzberg for almost 11 years. It serves as a meeting place, plenary room or location for information and music events for people from the scene and the neighborhood. For one year now, it has existed even without a rental contract and has therefore had to be evicted, as Goran Nenadic of Zelos Properties does not want to extend the rental contract and arrived with absurd purchase offers between 650.000 \u2013 750.000\u20ac<\/span>.<\/p>\n<p><a href=\"https:\/\/syndikatbleibt.noblogs.org\/\" target=\"_blank\" rel=\"noopener noreferrer\">Syndikat:<\/a> <span class=\"author-a-yyvz79zbz72zz88zz85zy33xbz79zz66zz75z\">Syndikat is collective bar existing since 1985 in the Schillerkiez neighbourhood of Berlin-Neuk\u00f6lln. From the beginning on it was more than the usual bar place, but more like an extended living room and organizing space for the residents and beyond. 2018 its contract was quit without reason and negotiations. Research by the collective and friends uncovered a network of letterbox companys belonging to the British billionaire family Pears. Up until then completely unknown in Berlin, they are now amongst the 10 largest real-estate owners in Berlin. The eviction case in court was lost in November 2019 and Syndikat was evicted on the 7th August.<br \/>\n<\/span><\/p>\n<p><a href=\"http:\/\/gentrifidingsbums.blogsport.de\/\">Potse:<\/a> <span class=\"author-a-yyvz79zbz72zz88zz85zy33xbz79zz66zz75z\">Potse and Drugstore are Berlins oldest self-organized youth centers. For almost 50 years they organized antifascist , non-commercial and self-organized youth work in the Berlin neighbourhood Sch\u00f6neberg. But in 2015 their rooms were quit by the neighbourhood council. Its not possible to pay the rising rents anymore as the neighbouhood gets gentrified agressively. The autonomous centers are being replaced by the co-living and co-working agency Rent24 and the business school BSBI. At the end of 2018 Drugstore had to handover its keys but Potse is still keeping their place occupied to fight for an alternative space and keep the pressure up. However, they court decided on <\/span><strong><span class=\"author-a-u8uyz87zz80zz84z2z85zb640hz69zz76z\">8th<\/span><span class=\"author-a-yyvz79zbz72zz88zz85zy33xbz79zz66zz75z\"> of July 2020<\/span><\/strong><span class=\"author-a-yyvz79zbz72zz88zz85zy33xbz79zz66zz75z\"> for them to be evicted.<br \/>\n<\/span><\/p>\n<p>&nbsp;<\/p>\n<p><a href=\"https:\/\/koepi137.net\/koepi-wagenplatz.html\">K\u00f8pi Wagenplatz: <\/a>Is a Wagenplatz in K\u00f6penicker Stra\u00dfe 133-136 next to the living and cultureproject K\u00f8pi137 in Berlin-Mitte. The heterogenous group is united by their quest for a life free of \u201chouse-carport-garden\u201dideal lifestyle and for a collective and selfdetermined life in trailers. After the destruction of the former Schwarzer Kanel, the eviction of Ice-Factory and Teepeeland, besides K\u00f8pi there are not many alternative places left. After the recent sale of the plot, K\u00f8pi Wagenplatz is now also threatened<\/p>\n<p>&nbsp;<\/p>\n<p>And further:<\/p>\n<p><a href=\"http:\/\/rigaer94.squat.net\">Rigaer94<\/a> (senate looking for ways of eviction, owner unknown)<\/p>\n<p><a href=\"https:\/\/b5355.noblogs.org\/\">Hausprojekt B5355<\/a> (contract running out soon)<\/p>\n<p>Wagenplatz DieselA (09\/2018 squatted, moved and the evicted, new oocupation in 06\/2020)<\/p>\n<p><a href=\"https:\/\/besetzen.noblogs.org\/2019\/01\/31\/hausprojektgruppe-g17a-besetzerinnengruppe-der-grossbeerenstr-17a\/\" target=\"_blank\" rel=\"noopener noreferrer\">Gro\u00dfbeerenstr.17A<\/a> (cold eviction 04\/2019)<\/p>\n<p><a href=\"https:\/\/koepi137.net\/welcome.html\" target=\"_blank\" rel=\"noopener noreferrer\">Hausprojekt K\u00f6pi137<\/a> (properties sold in spring 2020, future unclear)<\/p>\n<p><a href=\"https:\/\/oplatz.net\/tag\/ohlauer-schule\/\">besetzte Ohlauer Schule<\/a> (evicted 01\/2018)<\/p>\n<p><a href=\"http:\/\/gentrifidingsbums.blogsport.de\/\">Jugendzentrum Drugstore<\/a> (in exile since 12\/2018)<\/p>\n<p>Wagenplatz Sabot Garden &amp; \u00f6ffentliche Brache \u201cWiderst(r)and\u201d (squatted as DieselA 09\/2018, cold eviction 02-04\/2020)<\/p>\n<p><a href=\"https:\/\/www.prachttomate.de\/\">Gemeinschaftsgarten Prachttomate<\/a> (under threate since 11\/2018,future unclear)<\/p>\n","protected":false},"excerpt":{"rendered":"<p>This way for information on anti-repression This way for information about Day X The gentrification in Berlin continues incessantly, and with it displacement. Not only people but also spaces are affected: Spaces of the radical movement, open spaces, safer spaces &hellip; <a href=\"https:\/\/interkiezionale.noblogs.org\/en-GB\/projekte\/\">Continue reading <span class=\"meta-nav\">&rarr;<\/span><\/a><\/p>\n","protected":false},"author":16848,"featured_media":0,"parent":0,"menu_order":0,"comment_status":"closed","ping_status":"closed","template":"","meta":{"_locale":"en_GB","_original_post":"http:\/\/interkiezionale.noblogs.org\/?page_id=17","footnotes":""},"class_list":["post-1387","page","type-page","status-publish","hentry","en-GB"],"_links":{"self":[{"href":"https:\/\/interkiezionale.noblogs.org\/wp-json\/wp\/v2\/pages\/1387","targetHints":{"allow":["GET"]}}],"collection":[{"href":"https:\/\/interkiezionale.noblogs.org\/wp-json\/wp\/v2\/pages"}],"about":[{"href":"https:\/\/interkiezionale.noblogs.org\/wp-json\/wp\/v2\/types\/page"}],"author":[{"embeddable":true,"href":"https:\/\/interkiezionale.noblogs.org\/wp-json\/wp\/v2\/users\/16848"}],"replies":[{"embeddable":true,"href":"https:\/\/interkiezionale.noblogs.org\/wp-json\/wp\/v2\/comments?post=1387"}],"version-history":[{"count":3,"href":"https:\/\/interkiezionale.noblogs.org\/wp-json\/wp\/v2\/pages\/1387\/revisions"}],"predecessor-version":[{"id":1393,"href":"https:\/\/interkiezionale.noblogs.org\/wp-json\/wp\/v2\/pages\/1387\/revisions\/1393"}],"wp:attachment":[{"href":"https:\/\/interkiezionale.noblogs.org\/wp-json\/wp\/v2\/media?parent=1387"}],"curies":[{"name":"wp","href":"https:\/\/api.w.org\/{rel}","templated":true}]}}